{"id":1117,"date":"2019-10-28T02:12:34","date_gmt":"2019-10-28T07:12:34","guid":{"rendered":"http:\/\/olympia.wtb.agency\/?page_id=1117"},"modified":"2022-09-30T11:20:07","modified_gmt":"2022-09-30T15:20:07","slug":"historique-2","status":"publish","type":"page","link":"https:\/\/www.olympiamontreal.com\/en\/historique-2\/","title":{"rendered":"History"},"content":{"rendered":"<div data-elementor-type=\"wp-page\" data-elementor-id=\"1117\" class=\"elementor elementor-1117\" data-elementor-post-type=\"page\">\n\t\t\t\t\t\t<section class=\"elementor-section elementor-top-section elementor-element elementor-element-3e3b5ba elementor-section-full_width elementor-section-height-default elementor-section-height-default\" data-id=\"3e3b5ba\" data-element_type=\"section\">\n\t\t\t\t\t\t<div class=\"elementor-container elementor-column-gap-default\">\n\t\t\t\t\t<div class=\"elementor-column elementor-col-100 elementor-top-column elementor-element elementor-element-0f3d019\" data-id=\"0f3d019\" data-element_type=\"column\">\n\t\t\t<div class=\"elementor-widget-wrap elementor-element-populated\">\n\t\t\t\t\t\t<div class=\"elementor-element elementor-element-e22c383 elementor-widget elementor-widget-image\" data-id=\"e22c383\" data-element_type=\"widget\" data-widget_type=\"image.default\">\n\t\t\t\t<div class=\"elementor-widget-container\">\n\t\t\t\t\t\t\t\t\t\t\t\t\t\t\t<img fetchpriority=\"high\" decoding=\"async\" width=\"1440\" height=\"400\" src=\"https:\/\/www.olympiamontreal.com\/wp-content\/uploads\/2019\/10\/olympia-louer-hero-1440X400.jpg\" class=\"attachment-full size-full wp-image-845\" alt=\"olympia-louer-hero-1440X400\" srcset=\"https:\/\/www.olympiamontreal.com\/wp-content\/uploads\/2019\/10\/olympia-louer-hero-1440X400.jpg 1440w, https:\/\/www.olympiamontreal.com\/wp-content\/uploads\/2019\/10\/olympia-louer-hero-1440X400-150x42.jpg 150w, https:\/\/www.olympiamontreal.com\/wp-content\/uploads\/2019\/10\/olympia-louer-hero-1440X400-300x83.jpg 300w, https:\/\/www.olympiamontreal.com\/wp-content\/uploads\/2019\/10\/olympia-louer-hero-1440X400-768x213.jpg 768w, https:\/\/www.olympiamontreal.com\/wp-content\/uploads\/2019\/10\/olympia-louer-hero-1440X400-1024x284.jpg 1024w\" sizes=\"(max-width: 1440px) 100vw, 1440px\" \/>\t\t\t\t\t\t\t\t\t\t\t\t\t\t\t<\/div>\n\t\t\t\t<\/div>\n\t\t\t\t\t<\/div>\n\t\t<\/div>\n\t\t\t\t\t<\/div>\n\t\t<\/section>\n\t\t\t\t<section class=\"elementor-section elementor-top-section elementor-element elementor-element-e7c89d7 elementor-section-boxed elementor-section-height-default elementor-section-height-default\" data-id=\"e7c89d7\" data-element_type=\"section\">\n\t\t\t\t\t\t<div class=\"elementor-container elementor-column-gap-default\">\n\t\t\t\t\t<div class=\"elementor-column elementor-col-100 elementor-top-column elementor-element elementor-element-e4ecd3b\" data-id=\"e4ecd3b\" data-element_type=\"column\">\n\t\t\t<div class=\"elementor-widget-wrap elementor-element-populated\">\n\t\t\t\t\t\t<div class=\"elementor-element elementor-element-eb49b3a elementor-widget elementor-widget-heading\" data-id=\"eb49b3a\" data-element_type=\"widget\" data-widget_type=\"heading.default\">\n\t\t\t\t<div class=\"elementor-widget-container\">\n\t\t\t\t\t<h2 class=\"elementor-heading-title elementor-size-default\">History<\/h2>\t\t\t\t<\/div>\n\t\t\t\t<\/div>\n\t\t\t\t<div class=\"elementor-element elementor-element-47e80a8 elementor-widget-divider--view-line elementor-widget elementor-widget-divider\" data-id=\"47e80a8\" data-element_type=\"widget\" data-widget_type=\"divider.default\">\n\t\t\t\t<div class=\"elementor-widget-container\">\n\t\t\t\t\t\t\t<div class=\"elementor-divider\">\n\t\t\t<span class=\"elementor-divider-separator\">\n\t\t\t\t\t\t<\/span>\n\t\t<\/div>\n\t\t\t\t\t\t<\/div>\n\t\t\t\t<\/div>\n\t\t\t\t<div class=\"elementor-element elementor-element-85607d5 elementor-drop-cap-yes elementor-drop-cap-view-default elementor-widget elementor-widget-text-editor\" data-id=\"85607d5\" data-element_type=\"widget\" data-settings=\"{&quot;drop_cap&quot;:&quot;yes&quot;}\" data-widget_type=\"text-editor.default\">\n\t\t\t\t<div class=\"elementor-widget-container\">\n\t\t\t\t\t\t\t\t\t<p>Built in 1925, L'Olympia is<span style=\"text-decoration: underline;\"> one of the most precious gems of Montreal's cultural and architectural heritage<\/span>. Its years devoted to the cinematographic arts gave it a very unique character. Memories still linger, doubled by an unparalleled convivial atmosphere.<\/p>\t\t\t\t\t\t\t\t<\/div>\n\t\t\t\t<\/div>\n\t\t\t\t<div class=\"elementor-element elementor-element-46a933b elementor-widget elementor-widget-text-editor\" data-id=\"46a933b\" data-element_type=\"widget\" data-widget_type=\"text-editor.default\">\n\t\t\t\t<div class=\"elementor-widget-container\">\n\t\t\t\t\t\t\t\t\t<p>Its ideal location, located on Sainte-Catherine Street, makes it one of Montreal's most accessible venues.<\/p><p>As a modular venue, L'Olympia offers <span style=\"text-decoration: underline;\">many design options<\/span> : standing general admission (2,438 people), the theatre configuration with numbered seats (up to 1300 seats), cabaret configuration (up to 400 people around small round tables).<\/p><p>So you can choose the option that best suits your event!<\/p><p>The walls of L'Olympia know how to dress with class and elegance <span style=\"text-decoration: underline;\">to welcome the most famous voices from Quebec and international music scene<\/span>, from Gilles Vigneault to Tori Amos, including Daniel B\u00e9langer, Claude L\u00e9veill\u00e9, Georges Brassens, Charlotte Gainsbourg, Ad\u00e8le, Zucchero, Isabelle Boulay and many others.<\/p><p><span style=\"letter-spacing: 0px;\">L'Olympia <span style=\"text-decoration: underline;\">is equipped with an unparalleled sound system, and is also ideal for large rock concerts<\/span> : Motorhead, The Artic Monkeys, The Kills, Les Rita Mitsouko, Philippe Katerine, Jack White, Public Image Limited\u2026\u00a0<\/span><\/p><p>Besides its musical vocation, L'Olympia was able to expand its cultural horizons by hosting the greatest comedians in Quebec (Louis-Jos\u00e9 Houde, Daniel Lemire, Cl\u00e9mence Desrochers, Lise Dion, Jean-Michel Anctil, Sugar Sammy) sand several theatre plays.<\/p><p><span style=\"text-decoration: underline;\">The theatre adapts to your corporate events<\/span> such as business meetings, conferences and fundraisers. L'Olympia lounge can accommodate up to 350 people for both <span style=\"text-decoration: underline;\">concerts<\/span>, <span style=\"text-decoration: underline;\">press conferences<\/span>, <span style=\"text-decoration: underline;\">album launches<\/span>, <span style=\"text-decoration: underline;\">cocktails<\/span>, <span style=\"text-decoration: underline;\">private parties<\/span> or <span style=\"text-decoration: underline;\">business meetings<\/span>.<\/p><p>L'Olympia is proud to offer a variety of services for a wide range of events.<\/p>\t\t\t\t\t\t\t\t<\/div>\n\t\t\t\t<\/div>\n\t\t\t\t\t<\/div>\n\t\t<\/div>\n\t\t\t\t\t<\/div>\n\t\t<\/section>\n\t\t\t\t<\/div>","protected":false},"excerpt":{"rendered":"<p>Historique Construit en 1925, L\u2019Olympia de Montr\u00e9al est l\u2019un des joyaux les plus pr\u00e9cieux du patrimoine culturel et architectural de Montr\u00e9al. Ses ann\u00e9es consacr\u00e9es au th\u00e9\u00e2tre cin\u00e9matographique lui ont donn\u00e9 un cachet \u00e0 caract\u00e8re unique. Les souvenirs s\u2019harmonisent parfaitement \u00e0 sa convivialit\u00e9 actuelle in\u00e9gal\u00e9e. Son emplacement id\u00e9al, situ\u00e9 sur la rue Sainte-Catherine, fait de celui-ci [&hellip;]<\/p>\n","protected":false},"author":8,"featured_media":860,"parent":0,"menu_order":0,"comment_status":"closed","ping_status":"closed","template":"elementor_header_footer","meta":{"_acf_changed":false,"footnotes":""},"class_list":["post-1117","page","type-page","status-publish","has-post-thumbnail","hentry"],"acf":[],"_links":{"self":[{"href":"https:\/\/www.olympiamontreal.com\/en\/wp-json\/wp\/v2\/pages\/1117","targetHints":{"allow":["GET"]}}],"collection":[{"href":"https:\/\/www.olympiamontreal.com\/en\/wp-json\/wp\/v2\/pages"}],"about":[{"href":"https:\/\/www.olympiamontreal.com\/en\/wp-json\/wp\/v2\/types\/page"}],"author":[{"embeddable":true,"href":"https:\/\/www.olympiamontreal.com\/en\/wp-json\/wp\/v2\/users\/8"}],"replies":[{"embeddable":true,"href":"https:\/\/www.olympiamontreal.com\/en\/wp-json\/wp\/v2\/comments?post=1117"}],"version-history":[{"count":30,"href":"https:\/\/www.olympiamontreal.com\/en\/wp-json\/wp\/v2\/pages\/1117\/revisions"}],"predecessor-version":[{"id":4034,"href":"https:\/\/www.olympiamontreal.com\/en\/wp-json\/wp\/v2\/pages\/1117\/revisions\/4034"}],"wp:featuredmedia":[{"embeddable":true,"href":"https:\/\/www.olympiamontreal.com\/en\/wp-json\/wp\/v2\/media\/860"}],"wp:attachment":[{"href":"https:\/\/www.olympiamontreal.com\/en\/wp-json\/wp\/v2\/media?parent=1117"}],"curies":[{"name":"wp","href":"https:\/\/api.w.org\/{rel}","templated":true}]}}